{"id":14,"date":"2021-12-01T10:10:46","date_gmt":"2021-12-01T10:10:46","guid":{"rendered":"http:\/\/www.reciclem.eco.br\/?page_id=14"},"modified":"2021-12-01T10:10:46","modified_gmt":"2021-12-01T10:10:46","slug":"contacto","status":"publish","type":"page","link":"http:\/\/www.reciclem.eco.br\/index.php\/contacto\/","title":{"rendered":"Contacto"},"content":{"rendered":"\n<p>Esta \u00e9 uma p\u00e1gina com algumas informa\u00e7\u00f5es b\u00e1sicas de contacto, tais como uma morada e o n\u00famero de telefone. Tamb\u00e9m poder\u00e1 usar um plugin para adicionar um formul\u00e1rio de contacto.<\/p>\n","protected":false},"excerpt":{"rendered":"<p>Esta \u00e9 uma p\u00e1gina com algumas informa\u00e7\u00f5es b\u00e1sicas de contacto, tais como uma morada e o n\u00famero de telefone. Tamb\u00e9m poder\u00e1 usar um plugin para adicionar um formul\u00e1rio de contacto.<\/p>\n","protected":false},"author":1,"featured_media":0,"parent":0,"menu_order":0,"comment_status":"closed","ping_status":"closed","template":"","meta":[],"_links":{"self":[{"href":"http:\/\/www.reciclem.eco.br\/index.php\/wp-json\/wp\/v2\/pages\/14"}],"collection":[{"href":"http:\/\/www.reciclem.eco.br\/index.php\/wp-json\/wp\/v2\/pages"}],"about":[{"href":"http:\/\/www.reciclem.eco.br\/index.php\/wp-json\/wp\/v2\/types\/page"}],"author":[{"embeddable":true,"href":"http:\/\/www.reciclem.eco.br\/index.php\/wp-json\/wp\/v2\/users\/1"}],"replies":[{"embeddable":true,"href":"http:\/\/www.reciclem.eco.br\/index.php\/wp-json\/wp\/v2\/comments?post=14"}],"version-history":[{"count":1,"href":"http:\/\/www.reciclem.eco.br\/index.php\/wp-json\/wp\/v2\/pages\/14\/revisions"}],"predecessor-version":[{"id":19,"href":"http:\/\/www.reciclem.eco.br\/index.php\/wp-json\/wp\/v2\/pages\/14\/revisions\/19"}],"wp:attachment":[{"href":"http:\/\/www.reciclem.eco.br\/index.php\/wp-json\/wp\/v2\/media?parent=14"}],"curies":[{"name":"wp","href":"https:\/\/api.w.org\/{rel}","templated":true}]}}